{"id":2663,"date":"2026-02-02T13:11:09","date_gmt":"2026-02-02T16:11:09","guid":{"rendered":"https:\/\/lobita.com.br\/?post_type=product&#038;p=2663"},"modified":"2026-02-02T13:11:09","modified_gmt":"2026-02-02T16:11:09","slug":"aro-dourado","status":"publish","type":"product","link":"https:\/\/lobita.com.br\/en\/product\/aro-dourado\/","title":{"rendered":"Aro dourado"},"content":{"rendered":"<p>Pe\u00e7a prima da cole\u00e7\u00e3o Beltane, tran\u00e7ada no aro de lat\u00e3o<\/p>\n<p>Medidas:<br \/>\ndi\u00e2metro 40cm<br \/>\naltura 115cm<\/p>","protected":false},"excerpt":{"rendered":"<p>Pe\u00e7a prima da cole\u00e7\u00e3o Beltane, tran\u00e7ada no aro de lat\u00e3o Medidas: di\u00e2metro 40cm altura 115cm<\/p>","protected":false},"featured_media":2665,"comment_status":"open","ping_status":"closed","template":"","meta":[],"product_brand":[],"product_cat":[173,15],"product_tag":[],"class_list":{"0":"post-2663","1":"product","2":"type-product","3":"status-publish","4":"has-post-thumbnail","6":"product_cat-latao","7":"product_cat-sale","8":"","10":"first","11":"instock","12":"sale","13":"shipping-taxable","14":"purchasable","15":"product-type-simple"},"_links":{"self":[{"href":"https:\/\/lobita.com.br\/en\/wp-json\/wp\/v2\/product\/2663","targetHints":{"allow":["GET"]}}],"collection":[{"href":"https:\/\/lobita.com.br\/en\/wp-json\/wp\/v2\/product"}],"about":[{"href":"https:\/\/lobita.com.br\/en\/wp-json\/wp\/v2\/types\/product"}],"replies":[{"embeddable":true,"href":"https:\/\/lobita.com.br\/en\/wp-json\/wp\/v2\/comments?post=2663"}],"wp:featuredmedia":[{"embeddable":true,"href":"https:\/\/lobita.com.br\/en\/wp-json\/wp\/v2\/media\/2665"}],"wp:attachment":[{"href":"https:\/\/lobita.com.br\/en\/wp-json\/wp\/v2\/media?parent=2663"}],"wp:term":[{"taxonomy":"product_brand","embeddable":true,"href":"https:\/\/lobita.com.br\/en\/wp-json\/wp\/v2\/product_brand?post=2663"},{"taxonomy":"product_cat","embeddable":true,"href":"https:\/\/lobita.com.br\/en\/wp-json\/wp\/v2\/product_cat?post=2663"},{"taxonomy":"product_tag","embeddable":true,"href":"https:\/\/lobita.com.br\/en\/wp-json\/wp\/v2\/product_tag?post=2663"}],"curies":[{"name":"wp","href":"https:\/\/api.w.org\/{rel}","templated":true}]}}