{"id":2660,"date":"2026-02-02T13:03:06","date_gmt":"2026-02-02T16:03:06","guid":{"rendered":"https:\/\/lobita.com.br\/?post_type=product&#038;p=2660"},"modified":"2026-02-02T13:03:06","modified_gmt":"2026-02-02T16:03:06","slug":"sob-o-sol","status":"publish","type":"product","link":"https:\/\/lobita.com.br\/en\/product\/sob-o-sol\/","title":{"rendered":"Sob o sol"},"content":{"rendered":"<p>Painel pintado a m\u00e3o em tr\u00eas camadas.<\/p>\n<p><strong>Medidas:<\/strong><br \/>\nLargura 45cm<br \/>\nAltura 100cm<\/p>\n<p><em>Lat\u00e3o, algod\u00e3o, tinta acr\u00edlica<\/em><\/p>","protected":false},"excerpt":{"rendered":"<p>Painel pintado a m\u00e3o em tr\u00eas camadas. Medidas: Largura 45cm Altura 100cm Lat\u00e3o, algod\u00e3o, tinta acr\u00edlica<\/p>","protected":false},"featured_media":2661,"comment_status":"open","ping_status":"closed","template":"","meta":[],"product_brand":[],"product_cat":[173,141,70,15],"product_tag":[],"class_list":{"0":"post-2660","1":"product","2":"type-product","3":"status-publish","4":"has-post-thumbnail","6":"product_cat-latao","7":"product_cat-novidade","8":"product_cat-paineis","9":"product_cat-sale","10":"","12":"first","13":"instock","14":"sale","15":"shipping-taxable","16":"purchasable","17":"product-type-simple"},"_links":{"self":[{"href":"https:\/\/lobita.com.br\/en\/wp-json\/wp\/v2\/product\/2660","targetHints":{"allow":["GET"]}}],"collection":[{"href":"https:\/\/lobita.com.br\/en\/wp-json\/wp\/v2\/product"}],"about":[{"href":"https:\/\/lobita.com.br\/en\/wp-json\/wp\/v2\/types\/product"}],"replies":[{"embeddable":true,"href":"https:\/\/lobita.com.br\/en\/wp-json\/wp\/v2\/comments?post=2660"}],"wp:featuredmedia":[{"embeddable":true,"href":"https:\/\/lobita.com.br\/en\/wp-json\/wp\/v2\/media\/2661"}],"wp:attachment":[{"href":"https:\/\/lobita.com.br\/en\/wp-json\/wp\/v2\/media?parent=2660"}],"wp:term":[{"taxonomy":"product_brand","embeddable":true,"href":"https:\/\/lobita.com.br\/en\/wp-json\/wp\/v2\/product_brand?post=2660"},{"taxonomy":"product_cat","embeddable":true,"href":"https:\/\/lobita.com.br\/en\/wp-json\/wp\/v2\/product_cat?post=2660"},{"taxonomy":"product_tag","embeddable":true,"href":"https:\/\/lobita.com.br\/en\/wp-json\/wp\/v2\/product_tag?post=2660"}],"curies":[{"name":"wp","href":"https:\/\/api.w.org\/{rel}","templated":true}]}}