{"id":2657,"date":"2026-02-01T12:45:45","date_gmt":"2026-02-01T15:45:45","guid":{"rendered":"https:\/\/lobita.com.br\/?post_type=product&#038;p=2657"},"modified":"2026-02-02T12:51:44","modified_gmt":"2026-02-02T15:51:44","slug":"portal-transformacao","status":"publish","type":"product","link":"https:\/\/lobita.com.br\/en\/product\/portal-transformacao\/","title":{"rendered":"Portal Transforma\u00e7\u00e3o"},"content":{"rendered":"<p>Portal A Ametista agu\u00e7a a intui\u00e7\u00e3o, transmuta energias densas e traz energia de transforma\u00e7\u00e3o<\/p>\n<p>Acomoda vasos pequenos e m\u00e9dios \/ <em>vaso n\u00e3o incluso<\/em><\/p>","protected":false},"excerpt":{"rendered":"<p>Portal A Ametista agu\u00e7a a intui\u00e7\u00e3o, transmuta energias densas e traz energia de transforma\u00e7\u00e3o Acomoda vasos pequenos e m\u00e9dios \/ vaso n\u00e3o incluso<\/p>","protected":false},"featured_media":2658,"comment_status":"open","ping_status":"closed","template":"","meta":[],"product_brand":[],"product_cat":[66,15],"product_tag":[],"class_list":{"0":"post-2657","1":"product","2":"type-product","3":"status-publish","4":"has-post-thumbnail","6":"product_cat-pecas-com-cristais","7":"product_cat-sale","8":"","10":"first","11":"instock","12":"sale","13":"shipping-taxable","14":"purchasable","15":"product-type-simple"},"_links":{"self":[{"href":"https:\/\/lobita.com.br\/en\/wp-json\/wp\/v2\/product\/2657","targetHints":{"allow":["GET"]}}],"collection":[{"href":"https:\/\/lobita.com.br\/en\/wp-json\/wp\/v2\/product"}],"about":[{"href":"https:\/\/lobita.com.br\/en\/wp-json\/wp\/v2\/types\/product"}],"replies":[{"embeddable":true,"href":"https:\/\/lobita.com.br\/en\/wp-json\/wp\/v2\/comments?post=2657"}],"wp:featuredmedia":[{"embeddable":true,"href":"https:\/\/lobita.com.br\/en\/wp-json\/wp\/v2\/media\/2658"}],"wp:attachment":[{"href":"https:\/\/lobita.com.br\/en\/wp-json\/wp\/v2\/media?parent=2657"}],"wp:term":[{"taxonomy":"product_brand","embeddable":true,"href":"https:\/\/lobita.com.br\/en\/wp-json\/wp\/v2\/product_brand?post=2657"},{"taxonomy":"product_cat","embeddable":true,"href":"https:\/\/lobita.com.br\/en\/wp-json\/wp\/v2\/product_cat?post=2657"},{"taxonomy":"product_tag","embeddable":true,"href":"https:\/\/lobita.com.br\/en\/wp-json\/wp\/v2\/product_tag?post=2657"}],"curies":[{"name":"wp","href":"https:\/\/api.w.org\/{rel}","templated":true}]}}