{"id":2651,"date":"2026-02-01T12:45:10","date_gmt":"2026-02-01T15:45:10","guid":{"rendered":"https:\/\/lobita.com.br\/?post_type=product&#038;p=2651"},"modified":"2026-02-02T13:47:11","modified_gmt":"2026-02-02T16:47:11","slug":"hanger-drusa-de-quartzo","status":"publish","type":"product","link":"https:\/\/lobita.com.br\/en\/product\/hanger-drusa-de-quartzo\/","title":{"rendered":"Hanger Drusa de Quartzo"},"content":{"rendered":"<p>O Quartzo tem poder de expans\u00e3o. Atua com expans\u00e3o, prote\u00e7\u00e3o, paz e cura. Por se tratar de uma drusa, tamb\u00e9m traz energia de uni\u00e3o.<\/p>\n<p>Acomoda vasos pequenos e m\u00e9dios \/ <em>vaso n\u00e3o incluso<\/em><\/p>","protected":false},"excerpt":{"rendered":"<p>O Quartzo tem poder de expans\u00e3o. Atua com expans\u00e3o, prote\u00e7\u00e3o, paz e cura. Por se tratar de uma drusa, tamb\u00e9m traz energia de uni\u00e3o. Acomoda vasos pequenos e m\u00e9dios \/ vaso n\u00e3o incluso<\/p>","protected":false},"featured_media":2653,"comment_status":"open","ping_status":"closed","template":"","meta":[],"product_brand":[],"product_cat":[66,15],"product_tag":[],"class_list":{"0":"post-2651","1":"product","2":"type-product","3":"status-publish","4":"has-post-thumbnail","6":"product_cat-pecas-com-cristais","7":"product_cat-sale","8":"","10":"first","11":"outofstock","12":"sale","13":"shipping-taxable","14":"purchasable","15":"product-type-simple"},"_links":{"self":[{"href":"https:\/\/lobita.com.br\/en\/wp-json\/wp\/v2\/product\/2651","targetHints":{"allow":["GET"]}}],"collection":[{"href":"https:\/\/lobita.com.br\/en\/wp-json\/wp\/v2\/product"}],"about":[{"href":"https:\/\/lobita.com.br\/en\/wp-json\/wp\/v2\/types\/product"}],"replies":[{"embeddable":true,"href":"https:\/\/lobita.com.br\/en\/wp-json\/wp\/v2\/comments?post=2651"}],"wp:featuredmedia":[{"embeddable":true,"href":"https:\/\/lobita.com.br\/en\/wp-json\/wp\/v2\/media\/2653"}],"wp:attachment":[{"href":"https:\/\/lobita.com.br\/en\/wp-json\/wp\/v2\/media?parent=2651"}],"wp:term":[{"taxonomy":"product_brand","embeddable":true,"href":"https:\/\/lobita.com.br\/en\/wp-json\/wp\/v2\/product_brand?post=2651"},{"taxonomy":"product_cat","embeddable":true,"href":"https:\/\/lobita.com.br\/en\/wp-json\/wp\/v2\/product_cat?post=2651"},{"taxonomy":"product_tag","embeddable":true,"href":"https:\/\/lobita.com.br\/en\/wp-json\/wp\/v2\/product_tag?post=2651"}],"curies":[{"name":"wp","href":"https:\/\/api.w.org\/{rel}","templated":true}]}}