{"id":2638,"date":"2026-02-01T12:45:49","date_gmt":"2026-02-01T15:45:49","guid":{"rendered":"https:\/\/lobita.com.br\/?post_type=product&#038;p=2638"},"modified":"2026-02-02T18:09:07","modified_gmt":"2026-02-02T21:09:07","slug":"painel-boreal","status":"publish","type":"product","link":"https:\/\/lobita.com.br\/en\/product\/painel-boreal\/","title":{"rendered":"Painel Boreal &#8211; novidade"},"content":{"rendered":"<p>Painel pintado \u00e0 m\u00e3o inspirado nos tons verdes da aurora boreal<\/p>\n<p><em>madeira, algod\u00e3o, tinta acr\u00edlica<\/em><\/p>\n<p><strong>Medidas:<\/strong><br \/>\nLargura 100cm<br \/>\nAltura 70cm<\/p>","protected":false},"excerpt":{"rendered":"<p>Painel pintado \u00e0 m\u00e3o inspirado nos tons verdes da aurora boreal madeira, algod\u00e3o, tinta acr\u00edlica Medidas: Largura 100cm Altura 70cm<\/p>","protected":false},"featured_media":2640,"comment_status":"open","ping_status":"closed","template":"","meta":[],"product_brand":[],"product_cat":[15],"product_tag":[],"class_list":{"0":"post-2638","1":"product","2":"type-product","3":"status-publish","4":"has-post-thumbnail","6":"product_cat-sale","7":"","9":"first","10":"outofstock","11":"sale","12":"shipping-taxable","13":"purchasable","14":"product-type-simple"},"_links":{"self":[{"href":"https:\/\/lobita.com.br\/en\/wp-json\/wp\/v2\/product\/2638","targetHints":{"allow":["GET"]}}],"collection":[{"href":"https:\/\/lobita.com.br\/en\/wp-json\/wp\/v2\/product"}],"about":[{"href":"https:\/\/lobita.com.br\/en\/wp-json\/wp\/v2\/types\/product"}],"replies":[{"embeddable":true,"href":"https:\/\/lobita.com.br\/en\/wp-json\/wp\/v2\/comments?post=2638"}],"wp:featuredmedia":[{"embeddable":true,"href":"https:\/\/lobita.com.br\/en\/wp-json\/wp\/v2\/media\/2640"}],"wp:attachment":[{"href":"https:\/\/lobita.com.br\/en\/wp-json\/wp\/v2\/media?parent=2638"}],"wp:term":[{"taxonomy":"product_brand","embeddable":true,"href":"https:\/\/lobita.com.br\/en\/wp-json\/wp\/v2\/product_brand?post=2638"},{"taxonomy":"product_cat","embeddable":true,"href":"https:\/\/lobita.com.br\/en\/wp-json\/wp\/v2\/product_cat?post=2638"},{"taxonomy":"product_tag","embeddable":true,"href":"https:\/\/lobita.com.br\/en\/wp-json\/wp\/v2\/product_tag?post=2638"}],"curies":[{"name":"wp","href":"https:\/\/api.w.org\/{rel}","templated":true}]}}