{"id":2634,"date":"2026-02-01T12:45:47","date_gmt":"2026-02-01T15:45:47","guid":{"rendered":"https:\/\/lobita.com.br\/?post_type=product&#038;p=2634"},"modified":"2026-02-02T18:09:27","modified_gmt":"2026-02-02T21:09:27","slug":"painel-morpara-novidade","status":"publish","type":"product","link":"https:\/\/lobita.com.br\/en\/product\/painel-morpara-novidade\/","title":{"rendered":"Painel Morpar\u00e1 &#8211; novidade"},"content":{"rendered":"<p>Painel Tingido \u00e0 m\u00e3o em tons terrosos, inspirado em paisagens naturais do Cerrado<\/p>\n<p><strong>Medidas:<\/strong><br \/>\nLargura 100cm<br \/>\nAltura 70cm<\/p>","protected":false},"excerpt":{"rendered":"<p>Painel Tingido \u00e0 m\u00e3o em tons terrosos, inspirado em paisagens naturais do Cerrado Medidas: Largura 100cm Altura 70cm<\/p>","protected":false},"featured_media":2637,"comment_status":"open","ping_status":"closed","template":"","meta":[],"product_brand":[],"product_cat":[70,15],"product_tag":[],"class_list":{"0":"post-2634","1":"product","2":"type-product","3":"status-publish","4":"has-post-thumbnail","6":"product_cat-paineis","7":"product_cat-sale","8":"","10":"first","11":"outofstock","12":"sale","13":"shipping-taxable","14":"purchasable","15":"product-type-simple"},"_links":{"self":[{"href":"https:\/\/lobita.com.br\/en\/wp-json\/wp\/v2\/product\/2634","targetHints":{"allow":["GET"]}}],"collection":[{"href":"https:\/\/lobita.com.br\/en\/wp-json\/wp\/v2\/product"}],"about":[{"href":"https:\/\/lobita.com.br\/en\/wp-json\/wp\/v2\/types\/product"}],"replies":[{"embeddable":true,"href":"https:\/\/lobita.com.br\/en\/wp-json\/wp\/v2\/comments?post=2634"}],"wp:featuredmedia":[{"embeddable":true,"href":"https:\/\/lobita.com.br\/en\/wp-json\/wp\/v2\/media\/2637"}],"wp:attachment":[{"href":"https:\/\/lobita.com.br\/en\/wp-json\/wp\/v2\/media?parent=2634"}],"wp:term":[{"taxonomy":"product_brand","embeddable":true,"href":"https:\/\/lobita.com.br\/en\/wp-json\/wp\/v2\/product_brand?post=2634"},{"taxonomy":"product_cat","embeddable":true,"href":"https:\/\/lobita.com.br\/en\/wp-json\/wp\/v2\/product_cat?post=2634"},{"taxonomy":"product_tag","embeddable":true,"href":"https:\/\/lobita.com.br\/en\/wp-json\/wp\/v2\/product_tag?post=2634"}],"curies":[{"name":"wp","href":"https:\/\/api.w.org\/{rel}","templated":true}]}}