{"id":2602,"date":"2025-09-17T11:21:42","date_gmt":"2025-09-17T14:21:42","guid":{"rendered":"https:\/\/lobita.com.br\/?post_type=product&#038;p=2602"},"modified":"2026-02-01T19:22:45","modified_gmt":"2026-02-01T22:22:45","slug":"luminaria-dunas","status":"publish","type":"product","link":"https:\/\/lobita.com.br\/en\/product\/luminaria-dunas\/","title":{"rendered":"Lumin\u00e1ria Dunas"},"content":{"rendered":"<p><i>Uma lumin\u00e1ria de impacto!<\/i><\/p>\n<p>A Lumin\u00e1ria Dunas \u00e9 inspirada no movimento da areia nas dunas e na paleta de cores dessa paisagem, mas ela tamb\u00e9m pode ser feita em outros tons, me chama no bot\u00e3o do Whastapp para escolher outras cores ou tamanho<\/p>\n<p><strong>Medidas &#8211; (altura pode ter uma varia\u00e7\u00e3o de 2cm para mais ou menos):<\/strong><br \/>\n30cm de di\u00e2metro e 40cm de altura<br \/>\n40cm de di\u00e2metro e 45cm de altura<br \/>\n50cm de di\u00e2metro e 45cm de altura<\/p>\n<p>Feita em fio de algod\u00e3o 100%, leve impermeabiliza\u00e7\u00e3o aplicada. Pronta para instalar, acompanha canopla, fio e soquete &#8211; cor branco<\/p>","protected":false},"excerpt":{"rendered":"<p>Uma lumin\u00e1ria de impacto! A Lumin\u00e1ria Dunas \u00e9 inspirada no movimento da areia nas dunas e na paleta de cores dessa paisagem, mas ela tamb\u00e9m pode ser feita em outros tons, me chama no bot\u00e3o do Whastapp para escolher outras cores ou tamanho Medidas &#8211; (altura pode ter uma varia\u00e7\u00e3o de 2cm para mais ou [&hellip;]<\/p>","protected":false},"featured_media":2447,"comment_status":"open","ping_status":"closed","template":"","meta":[],"product_brand":[],"product_cat":[101,141],"product_tag":[210,211,119,118,164,120],"class_list":{"0":"post-2602","1":"product","2":"type-product","3":"status-publish","4":"has-post-thumbnail","6":"product_cat-lustres","7":"product_cat-novidade","8":"product_tag-cupula","9":"product_tag-mobile","10":"product_tag-luminaria","11":"product_tag-lustre","12":"product_tag-luz","13":"product_tag-pendente","14":"","16":"first","17":"onbackorder","18":"shipping-taxable","19":"purchasable","20":"product-type-variable","21":"has-default-attributes"},"_links":{"self":[{"href":"https:\/\/lobita.com.br\/en\/wp-json\/wp\/v2\/product\/2602","targetHints":{"allow":["GET"]}}],"collection":[{"href":"https:\/\/lobita.com.br\/en\/wp-json\/wp\/v2\/product"}],"about":[{"href":"https:\/\/lobita.com.br\/en\/wp-json\/wp\/v2\/types\/product"}],"replies":[{"embeddable":true,"href":"https:\/\/lobita.com.br\/en\/wp-json\/wp\/v2\/comments?post=2602"}],"wp:featuredmedia":[{"embeddable":true,"href":"https:\/\/lobita.com.br\/en\/wp-json\/wp\/v2\/media\/2447"}],"wp:attachment":[{"href":"https:\/\/lobita.com.br\/en\/wp-json\/wp\/v2\/media?parent=2602"}],"wp:term":[{"taxonomy":"product_brand","embeddable":true,"href":"https:\/\/lobita.com.br\/en\/wp-json\/wp\/v2\/product_brand?post=2602"},{"taxonomy":"product_cat","embeddable":true,"href":"https:\/\/lobita.com.br\/en\/wp-json\/wp\/v2\/product_cat?post=2602"},{"taxonomy":"product_tag","embeddable":true,"href":"https:\/\/lobita.com.br\/en\/wp-json\/wp\/v2\/product_tag?post=2602"}],"curies":[{"name":"wp","href":"https:\/\/api.w.org\/{rel}","templated":true}]}}