{"id":2500,"date":"2025-09-16T12:20:02","date_gmt":"2025-09-16T15:20:02","guid":{"rendered":"https:\/\/lobita.com.br\/?post_type=product&#038;p=2500"},"modified":"2026-02-02T13:11:49","modified_gmt":"2026-02-02T16:11:49","slug":"luminaria-jazz","status":"publish","type":"product","link":"https:\/\/lobita.com.br\/en\/product\/luminaria-jazz\/","title":{"rendered":"Lumin\u00e1ria Jazz"},"content":{"rendered":"<p>Uma lumin\u00e1ria coringa que combina com diversos ambientes e estilos de decora\u00e7\u00e3o. Perfeita como lumin\u00e1ria central do ambiente, sobre uma mesa de jantar ou um balc\u00e3o. Fica muito boa em grupo tamb\u00e9m<\/p>\n<p><strong>Ela pode ser feita em qualquer cor,<\/strong> ao finalizar o pedido h\u00e1 um campo de observa\u00e7\u00f5es, \u00e9 s\u00f3 escrever a cor desejada ali, eu vou te chamar para confirmar com fotos dos tons<\/p>\n<p>25cm de di\u00e2metro x 20cm de altura<br \/>\n30cm de di\u00e2metro x 25cm de altura<br \/>\n35cm de di\u00e2metro x 25cm de altura<br \/>\n40cm de di\u00e2metro x 30cm de altura<br \/>\n45cm de di\u00e2metro x 30cm de altura<\/p>\n<p>Feita com fio de algod\u00e3o, acompanha kit instala\u00e7\u00e3o com canopla, cabo e soquete. N\u00e3o acompanha l\u00e2mpada.<\/p>","protected":false},"excerpt":{"rendered":"<p>Uma lumin\u00e1ria coringa que combina com diversos ambientes e estilos de decora\u00e7\u00e3o. Perfeita como lumin\u00e1ria central do ambiente, sobre uma mesa de jantar ou um balc\u00e3o. Fica muito boa em grupo tamb\u00e9m Ela pode ser feita em qualquer cor, ao finalizar o pedido h\u00e1 um campo de observa\u00e7\u00f5es, \u00e9 s\u00f3 escrever a cor desejada ali, [&hellip;]<\/p>","protected":false},"featured_media":2539,"comment_status":"open","ping_status":"closed","template":"","meta":[],"product_brand":[],"product_cat":[101],"product_tag":[220,119,118,120,153,85],"class_list":{"0":"post-2500","1":"product","2":"type-product","3":"status-publish","4":"has-post-thumbnail","6":"product_cat-lustres","7":"product_tag-jantar","8":"product_tag-luminaria","9":"product_tag-lustre","10":"product_tag-pendente","11":"product_tag-quarto","12":"product_tag-sala","13":"","15":"first","16":"instock","17":"sale","18":"shipping-taxable","19":"purchasable","20":"product-type-variable"},"_links":{"self":[{"href":"https:\/\/lobita.com.br\/en\/wp-json\/wp\/v2\/product\/2500","targetHints":{"allow":["GET"]}}],"collection":[{"href":"https:\/\/lobita.com.br\/en\/wp-json\/wp\/v2\/product"}],"about":[{"href":"https:\/\/lobita.com.br\/en\/wp-json\/wp\/v2\/types\/product"}],"replies":[{"embeddable":true,"href":"https:\/\/lobita.com.br\/en\/wp-json\/wp\/v2\/comments?post=2500"}],"wp:featuredmedia":[{"embeddable":true,"href":"https:\/\/lobita.com.br\/en\/wp-json\/wp\/v2\/media\/2539"}],"wp:attachment":[{"href":"https:\/\/lobita.com.br\/en\/wp-json\/wp\/v2\/media?parent=2500"}],"wp:term":[{"taxonomy":"product_brand","embeddable":true,"href":"https:\/\/lobita.com.br\/en\/wp-json\/wp\/v2\/product_brand?post=2500"},{"taxonomy":"product_cat","embeddable":true,"href":"https:\/\/lobita.com.br\/en\/wp-json\/wp\/v2\/product_cat?post=2500"},{"taxonomy":"product_tag","embeddable":true,"href":"https:\/\/lobita.com.br\/en\/wp-json\/wp\/v2\/product_tag?post=2500"}],"curies":[{"name":"wp","href":"https:\/\/api.w.org\/{rel}","templated":true}]}}