{"id":2472,"date":"2025-09-10T19:42:25","date_gmt":"2025-09-10T22:42:25","guid":{"rendered":"https:\/\/lobita.com.br\/?post_type=product&#038;p=2472"},"modified":"2025-09-11T15:16:06","modified_gmt":"2025-09-11T18:16:06","slug":"pingente-de-parede-palmas","status":"publish","type":"product","link":"https:\/\/lobita.com.br\/en\/product\/pingente-de-parede-palmas\/","title":{"rendered":"Pingente de Parede Palmas"},"content":{"rendered":"<p>Pingente desenvolvido para um ambiente muito especial na CASACOR Tocantins. Vai bem sozinho, em composi\u00e7\u00e3o com outras obras ou em mais unidades dele mesmo.<br \/>\nFeito com fios de algod\u00e3o engomado, juta e argola de ratan ou madeira. Amou o modelo mas queria o fio de outra cor ou os detalhes? Queria em outro tamanho? Me chama no whatsapp para personalizar<\/p>\n<p><strong>Medidas:<\/strong><br \/>\n14cm x 1m<\/p>","protected":false},"excerpt":{"rendered":"<p>Pingente desenvolvido para um ambiente muito especial na CASACOR Tocantins. Vai bem sozinho, em composi\u00e7\u00e3o com outras obras ou em mais unidades dele mesmo. Feito com fios de algod\u00e3o engomado, juta e argola de ratan ou madeira. Amou o modelo mas queria o fio de outra cor ou os detalhes? Queria em outro tamanho? Me [&hellip;]<\/p>","protected":false},"featured_media":2481,"comment_status":"open","ping_status":"closed","template":"","meta":[],"product_brand":[],"product_cat":[219,141,70],"product_tag":[217,218,202,72,85],"class_list":{"0":"post-2472","1":"product","2":"type-product","3":"status-publish","4":"has-post-thumbnail","6":"product_cat-pingentes","7":"product_cat-novidade","8":"product_cat-paineis","9":"product_tag-pingente","10":"product_tag-composicao","11":"product_tag-escultura","12":"product_tag-painel","13":"product_tag-sala","14":"","16":"first","17":"instock","18":"sale","19":"shipping-taxable","20":"purchasable","21":"product-type-variable"},"_links":{"self":[{"href":"https:\/\/lobita.com.br\/en\/wp-json\/wp\/v2\/product\/2472","targetHints":{"allow":["GET"]}}],"collection":[{"href":"https:\/\/lobita.com.br\/en\/wp-json\/wp\/v2\/product"}],"about":[{"href":"https:\/\/lobita.com.br\/en\/wp-json\/wp\/v2\/types\/product"}],"replies":[{"embeddable":true,"href":"https:\/\/lobita.com.br\/en\/wp-json\/wp\/v2\/comments?post=2472"}],"wp:featuredmedia":[{"embeddable":true,"href":"https:\/\/lobita.com.br\/en\/wp-json\/wp\/v2\/media\/2481"}],"wp:attachment":[{"href":"https:\/\/lobita.com.br\/en\/wp-json\/wp\/v2\/media?parent=2472"}],"wp:term":[{"taxonomy":"product_brand","embeddable":true,"href":"https:\/\/lobita.com.br\/en\/wp-json\/wp\/v2\/product_brand?post=2472"},{"taxonomy":"product_cat","embeddable":true,"href":"https:\/\/lobita.com.br\/en\/wp-json\/wp\/v2\/product_cat?post=2472"},{"taxonomy":"product_tag","embeddable":true,"href":"https:\/\/lobita.com.br\/en\/wp-json\/wp\/v2\/product_tag?post=2472"}],"curies":[{"name":"wp","href":"https:\/\/api.w.org\/{rel}","templated":true}]}}