{"id":2471,"date":"2026-02-02T12:49:00","date_gmt":"2026-02-02T15:49:00","guid":{"rendered":"https:\/\/lobita.com.br\/?post_type=product&#038;p=2471"},"modified":"2026-02-02T12:54:05","modified_gmt":"2026-02-02T15:54:05","slug":"painel-vesuvio","status":"publish","type":"product","link":"https:\/\/lobita.com.br\/en\/product\/painel-vesuvio\/","title":{"rendered":"Painel Ves\u00favio"},"content":{"rendered":"<div class=\"\" data-block=\"true\" data-editor=\"2q5nk\" data-offset-key=\"52hsm-0-0\">\n<div class=\"_1mf _1mj\" data-offset-key=\"52hsm-0-0\">Um painel cheio de texturas e personalidade inspirado nos tons cinzentos do Vulc\u00e3o Ves\u00favio. Feito com fibras naturais e misturas de fios, com uma base em lat\u00e3o que traz eleg\u00e2ncia \u00e0 pe\u00e7a.<\/div>\n<div data-offset-key=\"52hsm-0-0\">Ideal como cabeceira, sobre um sof\u00e1 ou em uma parede de destaque.<\/div>\n<\/div>\n<div data-offset-key=\"52hsm-0-0\"><\/div>\n<div data-offset-key=\"52hsm-0-0\"><strong>Medidas:<\/strong><br \/>\nBase de lat\u00e3o 1,25m<br \/>\nTape\u00e7aria 1,05m x 1m<\/div>","protected":false},"excerpt":{"rendered":"<p>Um painel cheio de texturas e personalidade inspirado nos tons cinzentos do Vulc\u00e3o Ves\u00favio. Feito com fibras naturais e misturas de fios, com uma base em lat\u00e3o que traz eleg\u00e2ncia \u00e0 pe\u00e7a. Ideal como cabeceira, sobre um sof\u00e1 ou em uma parede de destaque. Medidas: Base de lat\u00e3o 1,25m Tape\u00e7aria 1,05m x 1m<\/p>","protected":false},"featured_media":2487,"comment_status":"open","ping_status":"closed","template":"","meta":[],"product_brand":[],"product_cat":[173,70,15],"product_tag":[214,84,72,85],"class_list":{"0":"post-2471","1":"product","2":"type-product","3":"status-publish","4":"has-post-thumbnail","6":"product_cat-latao","7":"product_cat-paineis","8":"product_cat-sale","9":"product_tag-tapecaria","10":"product_tag-cabeceira","11":"product_tag-painel","12":"product_tag-sala","13":"","15":"first","16":"instock","17":"sale","18":"shipping-taxable","19":"purchasable","20":"product-type-simple"},"_links":{"self":[{"href":"https:\/\/lobita.com.br\/en\/wp-json\/wp\/v2\/product\/2471","targetHints":{"allow":["GET"]}}],"collection":[{"href":"https:\/\/lobita.com.br\/en\/wp-json\/wp\/v2\/product"}],"about":[{"href":"https:\/\/lobita.com.br\/en\/wp-json\/wp\/v2\/types\/product"}],"replies":[{"embeddable":true,"href":"https:\/\/lobita.com.br\/en\/wp-json\/wp\/v2\/comments?post=2471"}],"wp:featuredmedia":[{"embeddable":true,"href":"https:\/\/lobita.com.br\/en\/wp-json\/wp\/v2\/media\/2487"}],"wp:attachment":[{"href":"https:\/\/lobita.com.br\/en\/wp-json\/wp\/v2\/media?parent=2471"}],"wp:term":[{"taxonomy":"product_brand","embeddable":true,"href":"https:\/\/lobita.com.br\/en\/wp-json\/wp\/v2\/product_brand?post=2471"},{"taxonomy":"product_cat","embeddable":true,"href":"https:\/\/lobita.com.br\/en\/wp-json\/wp\/v2\/product_cat?post=2471"},{"taxonomy":"product_tag","embeddable":true,"href":"https:\/\/lobita.com.br\/en\/wp-json\/wp\/v2\/product_tag?post=2471"}],"curies":[{"name":"wp","href":"https:\/\/api.w.org\/{rel}","templated":true}]}}