{"id":2459,"date":"2025-09-09T19:27:56","date_gmt":"2025-09-09T22:27:56","guid":{"rendered":"https:\/\/lobita.com.br\/?post_type=product&#038;p=2459"},"modified":"2026-02-01T19:25:41","modified_gmt":"2026-02-01T22:25:41","slug":"luminaria-palmas","status":"publish","type":"product","link":"https:\/\/lobita.com.br\/en\/product\/luminaria-palmas\/","title":{"rendered":"Lumin\u00e1ria Palmas"},"content":{"rendered":"<div class=\"\" data-block=\"true\" data-editor=\"2q5nk\" data-offset-key=\"52hsm-0-0\">\n<div class=\"_1mf _1mj\" data-offset-key=\"52hsm-0-0\">Lumin\u00e1ria feita especialmente para um ambiente da CASACOR Tocantins, a fibra natural traz conforto para um ambiente sofisticado e combina perfeitamente com um ambiente mais r\u00fastico. A Lumin\u00e1ria Palmas pode ser usada sozinha ou em composi\u00e7\u00e3o em medidas diferentes, assim como as arquitetas optaram por usar. Acompanha kit instala\u00e7\u00e3o preto &#8211; l\u00e2mpada n\u00e3o inclusa<\/div>\n<\/div>\n<div data-offset-key=\"52hsm-0-0\"><\/div>\n<div data-offset-key=\"52hsm-0-0\"><strong>Medidas:<\/strong><\/div>\n<div data-offset-key=\"52hsm-0-0\">15cm de di\u00e2metro &#8211; 40cm de altura<br \/>\n20cm de di\u00e2metro &#8211; 50cm de altura<br \/>\n25cm de di\u00e2metro &#8211; 50cm de altura<br \/>\n30cm de di\u00e2metro &#8211; 55cm de altura<\/div>\n<div data-offset-key=\"52hsm-0-0\">Material: fio de juta<\/div>","protected":false},"excerpt":{"rendered":"<p>Lumin\u00e1ria feita especialmente para um ambiente da CASACOR Tocantins, a fibra natural traz conforto para um ambiente sofisticado e combina perfeitamente com um ambiente mais r\u00fastico. A Lumin\u00e1ria Palmas pode ser usada sozinha ou em composi\u00e7\u00e3o em medidas diferentes, assim como as arquitetas optaram por usar. Acompanha kit instala\u00e7\u00e3o preto &#8211; l\u00e2mpada n\u00e3o inclusa Medidas: [&hellip;]<\/p>","protected":false},"featured_media":2484,"comment_status":"open","ping_status":"closed","template":"","meta":[],"product_brand":[],"product_cat":[101,141],"product_tag":[210,211,119,118,164,120],"class_list":{"0":"post-2459","1":"product","2":"type-product","3":"status-publish","4":"has-post-thumbnail","6":"product_cat-lustres","7":"product_cat-novidade","8":"product_tag-cupula","9":"product_tag-mobile","10":"product_tag-luminaria","11":"product_tag-lustre","12":"product_tag-luz","13":"product_tag-pendente","14":"","16":"first","17":"onbackorder","18":"sale","19":"shipping-taxable","20":"purchasable","21":"product-type-variable","22":"has-default-attributes"},"_links":{"self":[{"href":"https:\/\/lobita.com.br\/en\/wp-json\/wp\/v2\/product\/2459","targetHints":{"allow":["GET"]}}],"collection":[{"href":"https:\/\/lobita.com.br\/en\/wp-json\/wp\/v2\/product"}],"about":[{"href":"https:\/\/lobita.com.br\/en\/wp-json\/wp\/v2\/types\/product"}],"replies":[{"embeddable":true,"href":"https:\/\/lobita.com.br\/en\/wp-json\/wp\/v2\/comments?post=2459"}],"wp:featuredmedia":[{"embeddable":true,"href":"https:\/\/lobita.com.br\/en\/wp-json\/wp\/v2\/media\/2484"}],"wp:attachment":[{"href":"https:\/\/lobita.com.br\/en\/wp-json\/wp\/v2\/media?parent=2459"}],"wp:term":[{"taxonomy":"product_brand","embeddable":true,"href":"https:\/\/lobita.com.br\/en\/wp-json\/wp\/v2\/product_brand?post=2459"},{"taxonomy":"product_cat","embeddable":true,"href":"https:\/\/lobita.com.br\/en\/wp-json\/wp\/v2\/product_cat?post=2459"},{"taxonomy":"product_tag","embeddable":true,"href":"https:\/\/lobita.com.br\/en\/wp-json\/wp\/v2\/product_tag?post=2459"}],"curies":[{"name":"wp","href":"https:\/\/api.w.org\/{rel}","templated":true}]}}