{"id":2416,"date":"2025-09-08T17:57:23","date_gmt":"2025-09-08T20:57:23","guid":{"rendered":"https:\/\/lobita.com.br\/?post_type=product&#038;p=2416"},"modified":"2026-02-01T19:25:56","modified_gmt":"2026-02-01T22:25:56","slug":"luminaria-origem-ii","status":"publish","type":"product","link":"https:\/\/lobita.com.br\/en\/product\/luminaria-origem-ii\/","title":{"rendered":"Lumin\u00e1ria Origem II"},"content":{"rendered":"<p><em>A mais querida do site em novo formato!<br \/>\n<\/em>Nossa Lumin\u00e1ria Origem, mais alta e produzida com cord\u00e3o mais grosso. A Lumin\u00e1ria Origem II \u00e9 mais impactante, mas tamb\u00e9m fica perfeita em ambientes mais minimalistas.<\/p>\n<p>Pode ser usada como pendente ou c\u00fapula de Abajur.<\/p>\n<p><strong>Medidas:<\/strong><br \/>\n30cm de di\u00e2metro x 30cm de altura<br \/>\n40cm de di\u00e2metro e 30cm de altura<br \/>\n50cm de di\u00e2metro e 30cm de altura<\/p>\n<p>Para outras medidas ou cores entrar em contato via direct ou wpp<\/p>\n<p>Feita em fio de algod\u00e3o 100%, leve impermeabiliza\u00e7\u00e3o aplicada. Pronta para instalar, acompanha canopla, fio e soquete &#8211; tudo na cor branca<\/p>","protected":false},"excerpt":{"rendered":"<p><em>Lumin\u00e1ria pendente com design atemporal e minimalista.\u00a0<\/em><\/p>\n<p><strong>Medidas:<\/strong><br \/>\n40cm de di\u00e2metro e 30cm de altura<br \/>\n60cm de di\u00e2metro e 30cm de altura<br \/>\nPara outras medidas ou cores entrar em contato via direct ou Whatsapp<\/p>\n<p>Feita em fio de algod\u00e3o 100%, leve impermeabiliza\u00e7\u00e3o aplicada. Pronta para instalar, acompanha canopla, fio e soquete (tudo na cor branca)<\/p>","protected":false},"featured_media":2424,"comment_status":"open","ping_status":"closed","template":"","meta":[],"product_brand":[],"product_cat":[101,141],"product_tag":[210,211,119,118,164,120],"class_list":{"0":"post-2416","1":"product","2":"type-product","3":"status-publish","4":"has-post-thumbnail","6":"product_cat-lustres","7":"product_cat-novidade","8":"product_tag-cupula","9":"product_tag-mobile","10":"product_tag-luminaria","11":"product_tag-lustre","12":"product_tag-luz","13":"product_tag-pendente","14":"","16":"first","17":"instock","18":"sale","19":"shipping-taxable","20":"purchasable","21":"product-type-variable","22":"has-default-attributes"},"_links":{"self":[{"href":"https:\/\/lobita.com.br\/en\/wp-json\/wp\/v2\/product\/2416","targetHints":{"allow":["GET"]}}],"collection":[{"href":"https:\/\/lobita.com.br\/en\/wp-json\/wp\/v2\/product"}],"about":[{"href":"https:\/\/lobita.com.br\/en\/wp-json\/wp\/v2\/types\/product"}],"replies":[{"embeddable":true,"href":"https:\/\/lobita.com.br\/en\/wp-json\/wp\/v2\/comments?post=2416"}],"wp:featuredmedia":[{"embeddable":true,"href":"https:\/\/lobita.com.br\/en\/wp-json\/wp\/v2\/media\/2424"}],"wp:attachment":[{"href":"https:\/\/lobita.com.br\/en\/wp-json\/wp\/v2\/media?parent=2416"}],"wp:term":[{"taxonomy":"product_brand","embeddable":true,"href":"https:\/\/lobita.com.br\/en\/wp-json\/wp\/v2\/product_brand?post=2416"},{"taxonomy":"product_cat","embeddable":true,"href":"https:\/\/lobita.com.br\/en\/wp-json\/wp\/v2\/product_cat?post=2416"},{"taxonomy":"product_tag","embeddable":true,"href":"https:\/\/lobita.com.br\/en\/wp-json\/wp\/v2\/product_tag?post=2416"}],"curies":[{"name":"wp","href":"https:\/\/api.w.org\/{rel}","templated":true}]}}