{"id":2405,"date":"2026-02-02T12:46:03","date_gmt":"2026-02-02T15:46:03","guid":{"rendered":"https:\/\/lobita.com.br\/?post_type=product&#038;p=2405"},"modified":"2026-02-02T12:53:15","modified_gmt":"2026-02-02T15:53:15","slug":"luminaria-refugio","status":"publish","type":"product","link":"https:\/\/lobita.com.br\/en\/product\/luminaria-refugio\/","title":{"rendered":"Lumin\u00e1ria Ref\u00fagio"},"content":{"rendered":"<p>Inspirada na forma org\u00e2nica dos ref\u00fbgios naturais como as colmeias, os cupinzeiros, os casulos, as casas do Jo\u00e3o de Barro e infinitas outras, essa lumin\u00e1ria fica \u00f3tima ao lado da cabeceira e tamb\u00e9m em composi\u00e7\u00f5es.<\/p>\n<p>Cada unidade \u00e9 \u00fanica com detalhes e desenho ligeiramente diferente, assim como na natureza.<\/p>\n<p><strong>Medidas:<\/strong><br \/>\n20cm de di\u00e2metro e 35cm de altura<br \/>\nPara outras medidas ou cores entrar em contato via direct ou whatsapp<\/p>\n<p>Feita em fio de algod\u00e3o 100%, leve impermeabiliza\u00e7\u00e3o aplicada. Pronta para instalar, acompanha canopla, fio e soquete &#8211; tudo na cor branca<\/p>","protected":false},"excerpt":{"rendered":"<p>Inspirada na forma org\u00e2nica dos ref\u00fbgios naturais como as colmeias, os cupinzeiros, os casulos, as casas do Jo\u00e3o de Barro e infinitas outras, essa lumin\u00e1ria fica \u00f3tima ao lado da cabeceira e tamb\u00e9m em composi\u00e7\u00f5es. Cada unidade \u00e9 \u00fanica com detalhes e desenho ligeiramente diferente, assim como na natureza. Medidas: 20cm de di\u00e2metro e 35cm [&hellip;]<\/p>","protected":false},"featured_media":2429,"comment_status":"open","ping_status":"closed","template":"","meta":[],"product_brand":[],"product_cat":[101,141,15],"product_tag":[119,118,164,120],"class_list":{"0":"post-2405","1":"product","2":"type-product","3":"status-publish","4":"has-post-thumbnail","6":"product_cat-lustres","7":"product_cat-novidade","8":"product_cat-sale","9":"product_tag-luminaria","10":"product_tag-lustre","11":"product_tag-luz","12":"product_tag-pendente","13":"","15":"first","16":"instock","17":"sale","18":"shipping-taxable","19":"purchasable","20":"product-type-simple"},"_links":{"self":[{"href":"https:\/\/lobita.com.br\/en\/wp-json\/wp\/v2\/product\/2405","targetHints":{"allow":["GET"]}}],"collection":[{"href":"https:\/\/lobita.com.br\/en\/wp-json\/wp\/v2\/product"}],"about":[{"href":"https:\/\/lobita.com.br\/en\/wp-json\/wp\/v2\/types\/product"}],"replies":[{"embeddable":true,"href":"https:\/\/lobita.com.br\/en\/wp-json\/wp\/v2\/comments?post=2405"}],"wp:featuredmedia":[{"embeddable":true,"href":"https:\/\/lobita.com.br\/en\/wp-json\/wp\/v2\/media\/2429"}],"wp:attachment":[{"href":"https:\/\/lobita.com.br\/en\/wp-json\/wp\/v2\/media?parent=2405"}],"wp:term":[{"taxonomy":"product_brand","embeddable":true,"href":"https:\/\/lobita.com.br\/en\/wp-json\/wp\/v2\/product_brand?post=2405"},{"taxonomy":"product_cat","embeddable":true,"href":"https:\/\/lobita.com.br\/en\/wp-json\/wp\/v2\/product_cat?post=2405"},{"taxonomy":"product_tag","embeddable":true,"href":"https:\/\/lobita.com.br\/en\/wp-json\/wp\/v2\/product_tag?post=2405"}],"curies":[{"name":"wp","href":"https:\/\/api.w.org\/{rel}","templated":true}]}}