{"id":2189,"date":"2023-03-22T14:23:40","date_gmt":"2023-03-22T17:23:40","guid":{"rendered":"https:\/\/lobita.com.br\/?post_type=product&#038;p=2189"},"modified":"2025-09-09T19:38:17","modified_gmt":"2025-09-09T22:38:17","slug":"luminaria-franjas-maxi","status":"publish","type":"product","link":"https:\/\/lobita.com.br\/en\/product\/luminaria-franjas-maxi\/","title":{"rendered":"Lumin\u00e1ria Franjas maxi"},"content":{"rendered":"<p>A queridinha Lumin\u00e1ria Franjas ganhou um novo formato, muito vers\u00e1til. Ela \u00e9 feita com fios de algod\u00e3o e acompanha fio, canopla e soquete, chegando pronta para instala\u00e7\u00e3o.<\/p>\n<p>Medidas:<br \/>\n50cm de di\u00e2metro<br \/>\n35cm de altura<\/p>\n<p>Para personalizar as medidas entre em contato<\/p>","protected":false},"excerpt":{"rendered":"<p>A queridinha Lumin\u00e1ria Franjas ganhou um novo formato, muito vers\u00e1til. Ela \u00e9 feita com fios de algod\u00e3o e acompanha fio, canopla e soquete, chegando pronta para instala\u00e7\u00e3o.<\/p>\n<p>Medidas:<br \/>\n50cm de di\u00e2metro<br \/>\n35cm de altura<\/p>\n<p>Para personalizar as medidas entre em contato<\/p>","protected":false},"featured_media":2401,"comment_status":"open","ping_status":"closed","template":"","meta":[],"product_brand":[],"product_cat":[101],"product_tag":[172,119,118,164,120,153,85],"class_list":{"0":"post-2189","1":"product","2":"type-product","3":"status-publish","4":"has-post-thumbnail","6":"product_cat-lustres","7":"product_tag-iluminacao","8":"product_tag-luminaria","9":"product_tag-lustre","10":"product_tag-luz","11":"product_tag-pendente","12":"product_tag-quarto","13":"product_tag-sala","14":"","16":"first","17":"onbackorder","18":"shipping-taxable","19":"purchasable","20":"product-type-simple"},"_links":{"self":[{"href":"https:\/\/lobita.com.br\/en\/wp-json\/wp\/v2\/product\/2189","targetHints":{"allow":["GET"]}}],"collection":[{"href":"https:\/\/lobita.com.br\/en\/wp-json\/wp\/v2\/product"}],"about":[{"href":"https:\/\/lobita.com.br\/en\/wp-json\/wp\/v2\/types\/product"}],"replies":[{"embeddable":true,"href":"https:\/\/lobita.com.br\/en\/wp-json\/wp\/v2\/comments?post=2189"}],"wp:featuredmedia":[{"embeddable":true,"href":"https:\/\/lobita.com.br\/en\/wp-json\/wp\/v2\/media\/2401"}],"wp:attachment":[{"href":"https:\/\/lobita.com.br\/en\/wp-json\/wp\/v2\/media?parent=2189"}],"wp:term":[{"taxonomy":"product_brand","embeddable":true,"href":"https:\/\/lobita.com.br\/en\/wp-json\/wp\/v2\/product_brand?post=2189"},{"taxonomy":"product_cat","embeddable":true,"href":"https:\/\/lobita.com.br\/en\/wp-json\/wp\/v2\/product_cat?post=2189"},{"taxonomy":"product_tag","embeddable":true,"href":"https:\/\/lobita.com.br\/en\/wp-json\/wp\/v2\/product_tag?post=2189"}],"curies":[{"name":"wp","href":"https:\/\/api.w.org\/{rel}","templated":true}]}}