{"id":2180,"date":"2026-02-02T12:49:06","date_gmt":"2026-02-02T15:49:06","guid":{"rendered":"https:\/\/lobita.com.br\/?post_type=product&#038;p=2180"},"modified":"2026-02-02T12:55:46","modified_gmt":"2026-02-02T15:55:46","slug":"luminaria-grecia","status":"publish","type":"product","link":"https:\/\/lobita.com.br\/en\/product\/luminaria-grecia\/","title":{"rendered":"Lumin\u00e1ria Gr\u00e9cia"},"content":{"rendered":"<p><strong>Lumin\u00e1ria com design autoral<\/strong> perfeita para ficar sobre mesas de apoio ou onde voc\u00ea quiser adicionar um toque especial.<\/p>\n<p>Para outras medidas, entre em contato por Whatsapp ou direct<\/p>\n<p><em>30cm de di\u00e2metro<\/em><br \/>\n<em>80cm de altura<\/em><\/p>\n<p>Acompanha kit instala\u00e7\u00e3o<\/p>","protected":false},"excerpt":{"rendered":"<p>Lumin\u00e1ria com design autoral perfeita para ficar sobre mesas de apoio ou onde voc\u00ea quiser adicionar um toque especial. Para outras medidas, entre em contato por Whatsapp ou direct 30cm de di\u00e2metro 80cm de altura Acompanha kit instala\u00e7\u00e3o<\/p>","protected":false},"featured_media":2181,"comment_status":"open","ping_status":"closed","template":"","meta":[],"product_brand":[],"product_cat":[101,141,15],"product_tag":[172,119,118,164,120],"class_list":{"0":"post-2180","1":"product","2":"type-product","3":"status-publish","4":"has-post-thumbnail","6":"product_cat-lustres","7":"product_cat-novidade","8":"product_cat-sale","9":"product_tag-iluminacao","10":"product_tag-luminaria","11":"product_tag-lustre","12":"product_tag-luz","13":"product_tag-pendente","14":"","16":"first","17":"instock","18":"sale","19":"shipping-taxable","20":"purchasable","21":"product-type-simple"},"_links":{"self":[{"href":"https:\/\/lobita.com.br\/en\/wp-json\/wp\/v2\/product\/2180","targetHints":{"allow":["GET"]}}],"collection":[{"href":"https:\/\/lobita.com.br\/en\/wp-json\/wp\/v2\/product"}],"about":[{"href":"https:\/\/lobita.com.br\/en\/wp-json\/wp\/v2\/types\/product"}],"replies":[{"embeddable":true,"href":"https:\/\/lobita.com.br\/en\/wp-json\/wp\/v2\/comments?post=2180"}],"wp:featuredmedia":[{"embeddable":true,"href":"https:\/\/lobita.com.br\/en\/wp-json\/wp\/v2\/media\/2181"}],"wp:attachment":[{"href":"https:\/\/lobita.com.br\/en\/wp-json\/wp\/v2\/media?parent=2180"}],"wp:term":[{"taxonomy":"product_brand","embeddable":true,"href":"https:\/\/lobita.com.br\/en\/wp-json\/wp\/v2\/product_brand?post=2180"},{"taxonomy":"product_cat","embeddable":true,"href":"https:\/\/lobita.com.br\/en\/wp-json\/wp\/v2\/product_cat?post=2180"},{"taxonomy":"product_tag","embeddable":true,"href":"https:\/\/lobita.com.br\/en\/wp-json\/wp\/v2\/product_tag?post=2180"}],"curies":[{"name":"wp","href":"https:\/\/api.w.org\/{rel}","templated":true}]}}