{"id":2135,"date":"2022-10-31T10:56:38","date_gmt":"2022-10-31T13:56:38","guid":{"rendered":"https:\/\/lobita.com.br\/?post_type=product&#038;p=2135"},"modified":"2026-02-01T19:25:26","modified_gmt":"2026-02-01T22:25:26","slug":"luminaria-origem","status":"publish","type":"product","link":"https:\/\/lobita.com.br\/en\/product\/luminaria-origem\/","title":{"rendered":"Lumin\u00e1ria Origem"},"content":{"rendered":"<p><em>A mais querida do site!<br \/>\n<\/em>Nossa Lumin\u00e1ria Origem, com design atemporal e minimalista.<\/p>\n<p><strong>Medidas:<\/strong><br \/>\n25cm de di\u00e2metro e 20cm de altura<br \/>\n40cm de di\u00e2metro e 20cm de altura<br \/>\n60cm de di\u00e2metro e 20cm de altura<\/p>\n<p>Para outras medidas ou cores entrar em contato via direct ou wpp<\/p>\n<p>Feita em fio de algod\u00e3o 100%, leve impermeabiliza\u00e7\u00e3o aplicada. Pronta para instalar, acompanha canopla, fio e soquete &#8211; tudo na cor branca<\/p>","protected":false},"excerpt":{"rendered":"<p><em>Lumin\u00e1ria pendente com design atemporal e minimalista.\u00a0<\/em><\/p>\n<p><strong>Medidas:<br \/>\n<\/strong>25cm de di\u00e2metro e 20cm de altura<br \/>\n40cm de di\u00e2metro e 20cm de altura<br \/>\n60cm de di\u00e2metro e 20cm de altura<br \/>\nPara outras medidas ou cores entrar em contato via direct ou wpp<\/p>\n<p>Feita em fio de algod\u00e3o 100%, leve impermeabiliza\u00e7\u00e3o aplicada. Pronta para instalar, acompanha canopla, fio e soquete (tudo na cor branca)<\/p>","protected":false},"featured_media":2395,"comment_status":"open","ping_status":"closed","template":"","meta":[],"product_brand":[],"product_cat":[101],"product_tag":[119,118,164,120],"class_list":{"0":"post-2135","1":"product","2":"type-product","3":"status-publish","4":"has-post-thumbnail","6":"product_cat-lustres","7":"product_tag-luminaria","8":"product_tag-lustre","9":"product_tag-luz","10":"product_tag-pendente","11":"","13":"first","14":"onbackorder","15":"sale","16":"shipping-taxable","17":"purchasable","18":"product-type-variable","19":"has-default-attributes"},"_links":{"self":[{"href":"https:\/\/lobita.com.br\/en\/wp-json\/wp\/v2\/product\/2135","targetHints":{"allow":["GET"]}}],"collection":[{"href":"https:\/\/lobita.com.br\/en\/wp-json\/wp\/v2\/product"}],"about":[{"href":"https:\/\/lobita.com.br\/en\/wp-json\/wp\/v2\/types\/product"}],"replies":[{"embeddable":true,"href":"https:\/\/lobita.com.br\/en\/wp-json\/wp\/v2\/comments?post=2135"}],"wp:featuredmedia":[{"embeddable":true,"href":"https:\/\/lobita.com.br\/en\/wp-json\/wp\/v2\/media\/2395"}],"wp:attachment":[{"href":"https:\/\/lobita.com.br\/en\/wp-json\/wp\/v2\/media?parent=2135"}],"wp:term":[{"taxonomy":"product_brand","embeddable":true,"href":"https:\/\/lobita.com.br\/en\/wp-json\/wp\/v2\/product_brand?post=2135"},{"taxonomy":"product_cat","embeddable":true,"href":"https:\/\/lobita.com.br\/en\/wp-json\/wp\/v2\/product_cat?post=2135"},{"taxonomy":"product_tag","embeddable":true,"href":"https:\/\/lobita.com.br\/en\/wp-json\/wp\/v2\/product_tag?post=2135"}],"curies":[{"name":"wp","href":"https:\/\/api.w.org\/{rel}","templated":true}]}}