{"id":2117,"date":"2022-08-22T18:00:26","date_gmt":"2022-08-22T21:00:26","guid":{"rendered":"https:\/\/lobita.com.br\/?post_type=product&#038;p=2117"},"modified":"2025-09-09T19:54:41","modified_gmt":"2025-09-09T22:54:41","slug":"painel-dunas-do-rosado","status":"publish","type":"product","link":"https:\/\/lobita.com.br\/en\/product\/painel-dunas-do-rosado\/","title":{"rendered":"Painel Dunas do Rosado"},"content":{"rendered":"<div class=\"\" data-block=\"true\" data-editor=\"2q5nk\" data-offset-key=\"52hsm-0-0\">\n<div class=\"_1mf _1mj\" data-offset-key=\"52hsm-0-0\"><span data-offset-key=\"52hsm-0-0\">Pe\u00e7a inspirada nesse lugar maravihoso, em suas cores e formas exuberantes. A base de lat\u00e3o traz o toque final de sofistica\u00e7\u00e3o.<\/span><\/div>\n<div class=\"_1mf _1mj\" data-offset-key=\"52hsm-0-0\"><span data-offset-key=\"52hsm-0-0\">Est\u00e1 faltando uma cabeceira, algo em cima do sof\u00e1 ou na sala de jantar a\u00ed na sua casa? Esse painel fica perfeito! <\/span><\/div>\n<\/div>\n<div data-offset-key=\"a5jov-0-0\"><\/div>\n<div class=\"_1mf _1mj\" data-offset-key=\"a5jov-0-0\"><span data-offset-key=\"a5jov-0-0\">Painel feito na base de lat\u00e3o, cord\u00e3o de algod\u00e3o 100% e fio acr\u00edlico<\/span><\/div>\n<div class=\"\" data-block=\"true\" data-editor=\"2q5nk\" data-offset-key=\"5f236-0-0\"><\/div>\n<div class=\"\" data-block=\"true\" data-editor=\"2q5nk\" data-offset-key=\"4ml5p-0-0\">\n<div class=\"_1mf _1mj\" data-offset-key=\"4ml5p-0-0\">1,20m x 80cm aproximadamente<\/div>\n<\/div>\n<div class=\"\" data-block=\"true\" data-editor=\"2q5nk\" data-offset-key=\"8cc9m-0-0\"><\/div>","protected":false},"excerpt":{"rendered":"<div class=\"\" data-block=\"true\" data-editor=\"2q5nk\" data-offset-key=\"52hsm-0-0\">\n<div class=\"_1mf _1mj\" data-offset-key=\"52hsm-0-0\"><span data-offset-key=\"52hsm-0-0\">Pe\u00e7a inspirada nesse lugar maravihoso de mesmo nome, em suas cores e formas exuberantes. A base de lat\u00e3o traz o toque de sofistica\u00e7\u00e3o.<\/span><\/div>\n<div data-offset-key=\"52hsm-0-0\">Gostou do modelo mas preferia os detalhes de outra cor ou o painel de outro tamanho? clica no bot\u00e3o do whatsapp que fazemos acontecer!<\/div>\n<div class=\"_1mf _1mj\" data-offset-key=\"52hsm-0-0\"><span data-offset-key=\"52hsm-0-0\">Painel vers\u00e1til feito em algod\u00e3o 100% e detalhes em fio de acr\u00edlico.<\/span><\/div>\n<\/div>\n<div class=\"\" data-block=\"true\" data-editor=\"2q5nk\" data-offset-key=\"8cc9m-0-0\"><\/div>\n<div data-block=\"true\" data-editor=\"2q5nk\" data-offset-key=\"8cc9m-0-0\">1,20m x 80cm<\/div>","protected":false},"featured_media":2122,"comment_status":"open","ping_status":"closed","template":"","meta":[],"product_brand":[],"product_cat":[173,141,70],"product_tag":[84,72,85],"class_list":{"0":"post-2117","1":"product","2":"type-product","3":"status-publish","4":"has-post-thumbnail","6":"product_cat-latao","7":"product_cat-novidade","8":"product_cat-paineis","9":"product_tag-cabeceira","10":"product_tag-painel","11":"product_tag-sala","12":"","14":"first","15":"onbackorder","16":"sale","17":"shipping-taxable","18":"purchasable","19":"product-type-simple"},"_links":{"self":[{"href":"https:\/\/lobita.com.br\/en\/wp-json\/wp\/v2\/product\/2117","targetHints":{"allow":["GET"]}}],"collection":[{"href":"https:\/\/lobita.com.br\/en\/wp-json\/wp\/v2\/product"}],"about":[{"href":"https:\/\/lobita.com.br\/en\/wp-json\/wp\/v2\/types\/product"}],"replies":[{"embeddable":true,"href":"https:\/\/lobita.com.br\/en\/wp-json\/wp\/v2\/comments?post=2117"}],"wp:featuredmedia":[{"embeddable":true,"href":"https:\/\/lobita.com.br\/en\/wp-json\/wp\/v2\/media\/2122"}],"wp:attachment":[{"href":"https:\/\/lobita.com.br\/en\/wp-json\/wp\/v2\/media?parent=2117"}],"wp:term":[{"taxonomy":"product_brand","embeddable":true,"href":"https:\/\/lobita.com.br\/en\/wp-json\/wp\/v2\/product_brand?post=2117"},{"taxonomy":"product_cat","embeddable":true,"href":"https:\/\/lobita.com.br\/en\/wp-json\/wp\/v2\/product_cat?post=2117"},{"taxonomy":"product_tag","embeddable":true,"href":"https:\/\/lobita.com.br\/en\/wp-json\/wp\/v2\/product_tag?post=2117"}],"curies":[{"name":"wp","href":"https:\/\/api.w.org\/{rel}","templated":true}]}}