{"id":2110,"date":"2022-08-22T17:31:01","date_gmt":"2022-08-22T20:31:01","guid":{"rendered":"https:\/\/lobita.com.br\/?post_type=product&#038;p=2110"},"modified":"2022-08-22T17:46:17","modified_gmt":"2022-08-22T20:46:17","slug":"painel-deserto","status":"publish","type":"product","link":"https:\/\/lobita.com.br\/en\/product\/painel-deserto\/","title":{"rendered":"Painel Deserto"},"content":{"rendered":"<div class=\"\" data-block=\"true\" data-editor=\"2q5nk\" data-offset-key=\"52hsm-0-0\">\n<div class=\"_1mf _1mj\" data-offset-key=\"52hsm-0-0\"><span data-offset-key=\"52hsm-0-0\">Pe\u00e7a inspirada nas dunas dos desertos, com detalhes em tons quentes terrosos.<\/span><\/div>\n<div class=\"_1mf _1mj\" data-offset-key=\"52hsm-0-0\"><span data-offset-key=\"52hsm-0-0\">Est\u00e1 faltando uma cabeceira, algo em cima do sof\u00e1 ou na sala de jantar a\u00ed na sua casa? Esse painel fica perfeito! Ele tem o formato de um quadro grande e pode substituir um com bastante personalidade.<\/span><\/div>\n<div data-offset-key=\"52hsm-0-0\"><\/div>\n<\/div>\n<div class=\"_1mf _1mj\" data-offset-key=\"a5jov-0-0\"><span data-offset-key=\"a5jov-0-0\">Painel feito na base de madeira, cord\u00e3o de algod\u00e3o 100% e fio acr\u00edlico<\/span><\/div>\n<div class=\"\" data-block=\"true\" data-editor=\"2q5nk\" data-offset-key=\"5f236-0-0\"><\/div>\n<div class=\"\" data-block=\"true\" data-editor=\"2q5nk\" data-offset-key=\"4ml5p-0-0\">\n<div class=\"_1mf _1mj\" data-offset-key=\"4ml5p-0-0\">1,5m x 90cm aproximadamente<\/div>\n<\/div>\n<div class=\"\" data-block=\"true\" data-editor=\"2q5nk\" data-offset-key=\"8cc9m-0-0\"><\/div>","protected":false},"excerpt":{"rendered":"<div class=\"\" data-block=\"true\" data-editor=\"2q5nk\" data-offset-key=\"52hsm-0-0\">\n<div class=\"_1mf _1mj\" data-offset-key=\"52hsm-0-0\"><span data-offset-key=\"52hsm-0-0\">Pe\u00e7a inspirada nas dunas dos desertos, com detalhes em tons quentes terrosos.<\/span><\/div>\n<div class=\"_1mf _1mj\" data-offset-key=\"52hsm-0-0\"><span data-offset-key=\"52hsm-0-0\">Painel vers\u00e1til feito em algod\u00e3o 100% e detalhes em fio de acr\u00edlico. Base de madeira\u00a0<\/span><\/div>\n<\/div>\n<div class=\"\" data-block=\"true\" data-editor=\"2q5nk\" data-offset-key=\"8cc9m-0-0\"><\/div>\n<div data-block=\"true\" data-editor=\"2q5nk\" data-offset-key=\"8cc9m-0-0\">1,5m x90cm<\/div>","protected":false},"featured_media":2115,"comment_status":"open","ping_status":"closed","template":"","meta":[],"product_brand":[],"product_cat":[141,70],"product_tag":[84,72,85],"class_list":{"0":"post-2110","1":"product","2":"type-product","3":"status-publish","4":"has-post-thumbnail","6":"product_cat-novidade","7":"product_cat-paineis","8":"product_tag-cabeceira","9":"product_tag-painel","10":"product_tag-sala","11":"","13":"first","14":"onbackorder","15":"sale","16":"shipping-taxable","17":"purchasable","18":"product-type-simple"},"_links":{"self":[{"href":"https:\/\/lobita.com.br\/en\/wp-json\/wp\/v2\/product\/2110","targetHints":{"allow":["GET"]}}],"collection":[{"href":"https:\/\/lobita.com.br\/en\/wp-json\/wp\/v2\/product"}],"about":[{"href":"https:\/\/lobita.com.br\/en\/wp-json\/wp\/v2\/types\/product"}],"replies":[{"embeddable":true,"href":"https:\/\/lobita.com.br\/en\/wp-json\/wp\/v2\/comments?post=2110"}],"wp:featuredmedia":[{"embeddable":true,"href":"https:\/\/lobita.com.br\/en\/wp-json\/wp\/v2\/media\/2115"}],"wp:attachment":[{"href":"https:\/\/lobita.com.br\/en\/wp-json\/wp\/v2\/media?parent=2110"}],"wp:term":[{"taxonomy":"product_brand","embeddable":true,"href":"https:\/\/lobita.com.br\/en\/wp-json\/wp\/v2\/product_brand?post=2110"},{"taxonomy":"product_cat","embeddable":true,"href":"https:\/\/lobita.com.br\/en\/wp-json\/wp\/v2\/product_cat?post=2110"},{"taxonomy":"product_tag","embeddable":true,"href":"https:\/\/lobita.com.br\/en\/wp-json\/wp\/v2\/product_tag?post=2110"}],"curies":[{"name":"wp","href":"https:\/\/api.w.org\/{rel}","templated":true}]}}