{"id":2080,"date":"2022-06-07T19:15:11","date_gmt":"2022-06-07T22:15:11","guid":{"rendered":"https:\/\/lobita.com.br\/?post_type=product&#038;p=2080"},"modified":"2026-01-30T17:44:43","modified_gmt":"2026-01-30T20:44:43","slug":"hanger-coloridinho","status":"publish","type":"product","link":"https:\/\/lobita.com.br\/en\/product\/hanger-coloridinho\/","title":{"rendered":"Hanger Coloridinho"},"content":{"rendered":"<p>Hanger com detalhes em coral e turquesa.<\/p>\n<p>Ideal para vasos m\u00e9dios (11 a 28cm de di\u00e2metro).<br \/>\nTamb\u00e9m pode ser usado como prateleira ou fruteira<\/p>\n<p><strong>Medidas<\/strong><br \/>\n75cm do gancho at\u00e9 a base do vaso<br \/>\n120cm total<br \/>\n100g<\/p>\n<p>&nbsp;<\/p>","protected":false},"excerpt":{"rendered":"<p>Hanger com detalhes em coral e turquesa. Ideal para vasos m\u00e9dios (11 a 28cm de di\u00e2metro). Tamb\u00e9m pode ser usado como prateleira ou fruteira Medidas 75cm do gancho at\u00e9 a base do vaso 120cm total 100g &nbsp;<\/p>","protected":false},"featured_media":2081,"comment_status":"open","ping_status":"closed","template":"","meta":[],"product_brand":[],"product_cat":[52,141,15],"product_tag":[55,81,155,80],"class_list":{"0":"post-2080","1":"product","2":"type-product","3":"status-publish","4":"has-post-thumbnail","6":"product_cat-hangers","7":"product_cat-novidade","8":"product_cat-sale","9":"product_tag-hanger","10":"product_tag-planta","11":"product_tag-presente","12":"product_tag-vaso","13":"","15":"first","16":"instock","17":"sale","18":"shipping-taxable","19":"purchasable","20":"product-type-simple"},"_links":{"self":[{"href":"https:\/\/lobita.com.br\/en\/wp-json\/wp\/v2\/product\/2080","targetHints":{"allow":["GET"]}}],"collection":[{"href":"https:\/\/lobita.com.br\/en\/wp-json\/wp\/v2\/product"}],"about":[{"href":"https:\/\/lobita.com.br\/en\/wp-json\/wp\/v2\/types\/product"}],"replies":[{"embeddable":true,"href":"https:\/\/lobita.com.br\/en\/wp-json\/wp\/v2\/comments?post=2080"}],"wp:featuredmedia":[{"embeddable":true,"href":"https:\/\/lobita.com.br\/en\/wp-json\/wp\/v2\/media\/2081"}],"wp:attachment":[{"href":"https:\/\/lobita.com.br\/en\/wp-json\/wp\/v2\/media?parent=2080"}],"wp:term":[{"taxonomy":"product_brand","embeddable":true,"href":"https:\/\/lobita.com.br\/en\/wp-json\/wp\/v2\/product_brand?post=2080"},{"taxonomy":"product_cat","embeddable":true,"href":"https:\/\/lobita.com.br\/en\/wp-json\/wp\/v2\/product_cat?post=2080"},{"taxonomy":"product_tag","embeddable":true,"href":"https:\/\/lobita.com.br\/en\/wp-json\/wp\/v2\/product_tag?post=2080"}],"curies":[{"name":"wp","href":"https:\/\/api.w.org\/{rel}","templated":true}]}}