{"id":2038,"date":"2021-07-13T11:46:29","date_gmt":"2021-07-13T14:46:29","guid":{"rendered":"https:\/\/lobita.com.br\/?post_type=product&#038;p=2038"},"modified":"2026-02-02T13:13:51","modified_gmt":"2026-02-02T16:13:51","slug":"painel-san-francisco","status":"publish","type":"product","link":"https:\/\/lobita.com.br\/en\/product\/painel-san-francisco\/","title":{"rendered":"Painel San Francisco"},"content":{"rendered":"<div class=\"\" data-block=\"true\" data-editor=\"2q5nk\" data-offset-key=\"52hsm-0-0\">\n<div class=\"_1mf _1mj\" data-offset-key=\"52hsm-0-0\"><span data-offset-key=\"52hsm-0-0\">Est\u00e1 faltando uma cabeceira, algo em cima do sof\u00e1 ou na sala de jantar a\u00ed na sua casa? Esse painel fica perfeito! Ele tem o formato de um quadro grande e pode substituir um com bastante personalidade.<\/span><\/div>\n<div data-offset-key=\"52hsm-0-0\"><\/div>\n<\/div>\n<div class=\"_1mf _1mj\" data-offset-key=\"a5jov-0-0\"><span data-offset-key=\"a5jov-0-0\">Painel feito na base de lat\u00e3o e cord\u00e3o de algod\u00e3o 100%<\/span><\/div>\n<div class=\"\" data-block=\"true\" data-editor=\"2q5nk\" data-offset-key=\"5f236-0-0\"><\/div>\n<div class=\"\" data-block=\"true\" data-editor=\"2q5nk\" data-offset-key=\"4ml5p-0-0\">\n<div class=\"_1mf _1mj\" data-offset-key=\"4ml5p-0-0\">1,5m x 90cm<\/div>\n<\/div>\n<div class=\"\" data-block=\"true\" data-editor=\"2q5nk\" data-offset-key=\"8cc9m-0-0\"><\/div>","protected":false},"excerpt":{"rendered":"<p>Est\u00e1 faltando uma cabeceira, algo em cima do sof\u00e1 ou na sala de jantar a\u00ed na sua casa? Esse painel fica perfeito! Ele tem o formato de um quadro grande e pode substituir um com bastante personalidade. Painel feito na base de lat\u00e3o e cord\u00e3o de algod\u00e3o 100% 1,5m x 90cm<\/p>","protected":false},"featured_media":2498,"comment_status":"open","ping_status":"closed","template":"","meta":[],"product_brand":[],"product_cat":[173,70],"product_tag":[84,72,85],"class_list":{"0":"post-2038","1":"product","2":"type-product","3":"status-publish","4":"has-post-thumbnail","6":"product_cat-latao","7":"product_cat-paineis","8":"product_tag-cabeceira","9":"product_tag-painel","10":"product_tag-sala","11":"","13":"first","14":"onbackorder","15":"sale","16":"shipping-taxable","17":"purchasable","18":"product-type-simple"},"_links":{"self":[{"href":"https:\/\/lobita.com.br\/en\/wp-json\/wp\/v2\/product\/2038","targetHints":{"allow":["GET"]}}],"collection":[{"href":"https:\/\/lobita.com.br\/en\/wp-json\/wp\/v2\/product"}],"about":[{"href":"https:\/\/lobita.com.br\/en\/wp-json\/wp\/v2\/types\/product"}],"replies":[{"embeddable":true,"href":"https:\/\/lobita.com.br\/en\/wp-json\/wp\/v2\/comments?post=2038"}],"wp:featuredmedia":[{"embeddable":true,"href":"https:\/\/lobita.com.br\/en\/wp-json\/wp\/v2\/media\/2498"}],"wp:attachment":[{"href":"https:\/\/lobita.com.br\/en\/wp-json\/wp\/v2\/media?parent=2038"}],"wp:term":[{"taxonomy":"product_brand","embeddable":true,"href":"https:\/\/lobita.com.br\/en\/wp-json\/wp\/v2\/product_brand?post=2038"},{"taxonomy":"product_cat","embeddable":true,"href":"https:\/\/lobita.com.br\/en\/wp-json\/wp\/v2\/product_cat?post=2038"},{"taxonomy":"product_tag","embeddable":true,"href":"https:\/\/lobita.com.br\/en\/wp-json\/wp\/v2\/product_tag?post=2038"}],"curies":[{"name":"wp","href":"https:\/\/api.w.org\/{rel}","templated":true}]}}