{"id":2005,"date":"2021-05-01T13:59:23","date_gmt":"2021-05-01T16:59:23","guid":{"rendered":"https:\/\/lobita.com.br\/?post_type=product&#038;p=2005"},"modified":"2026-02-02T13:13:31","modified_gmt":"2026-02-02T16:13:31","slug":"aine-decoracao-de-parede","status":"publish","type":"product","link":"https:\/\/lobita.com.br\/en\/product\/aine-decoracao-de-parede\/","title":{"rendered":"\u00c1ine | Decora\u00e7\u00e3o de Parede"},"content":{"rendered":"<p><strong>\u00c1ine<\/strong>, pe\u00e7a da cole\u00e7\u00e3o Beltane, traz linhas minimalistas, franjas org\u00e2nicas e aro em lat\u00e3o. Criada para trazer o natural ao ambiente cosmopolita. Design autoral brasileiro<\/p>\n<p>lat\u00e3o, palha da costa e cord\u00e3o de algod\u00e3o 100%<\/p>\n<p>medidas<br \/>\nDi\u00e2metro 30cm ou 40cm<br \/>\nAltura 110cm<\/p>","protected":false},"excerpt":{"rendered":"<p><strong>\u00c1ine<\/strong>, pe\u00e7a da cole\u00e7\u00e3o Beltane, traz linhas minimalistas, franjas org\u00e2nicas e aro em lat\u00e3o. Criada para trazer o natural ao ambiente cosmopolita. Design autoral brasileiro<\/p>\n<p>lat\u00e3o, palha da costa e cord\u00e3o de algod\u00e3o 100%<\/p>\n<p>medidas<br \/>\nDi\u00e2metro 30cm ou 40cm<br \/>\nAltura 110cm<\/p>","protected":false},"featured_media":2007,"comment_status":"open","ping_status":"closed","template":"","meta":[],"product_brand":[],"product_cat":[150,173,141],"product_tag":[123,72],"class_list":{"0":"post-2005","1":"product","2":"type-product","3":"status-publish","4":"has-post-thumbnail","6":"product_cat-beltane","7":"product_cat-latao","8":"product_cat-novidade","9":"product_tag-latao","10":"product_tag-painel","11":"","13":"first","14":"instock","15":"sale","16":"shipping-taxable","17":"purchasable","18":"product-type-variable"},"_links":{"self":[{"href":"https:\/\/lobita.com.br\/en\/wp-json\/wp\/v2\/product\/2005","targetHints":{"allow":["GET"]}}],"collection":[{"href":"https:\/\/lobita.com.br\/en\/wp-json\/wp\/v2\/product"}],"about":[{"href":"https:\/\/lobita.com.br\/en\/wp-json\/wp\/v2\/types\/product"}],"replies":[{"embeddable":true,"href":"https:\/\/lobita.com.br\/en\/wp-json\/wp\/v2\/comments?post=2005"}],"wp:featuredmedia":[{"embeddable":true,"href":"https:\/\/lobita.com.br\/en\/wp-json\/wp\/v2\/media\/2007"}],"wp:attachment":[{"href":"https:\/\/lobita.com.br\/en\/wp-json\/wp\/v2\/media?parent=2005"}],"wp:term":[{"taxonomy":"product_brand","embeddable":true,"href":"https:\/\/lobita.com.br\/en\/wp-json\/wp\/v2\/product_brand?post=2005"},{"taxonomy":"product_cat","embeddable":true,"href":"https:\/\/lobita.com.br\/en\/wp-json\/wp\/v2\/product_cat?post=2005"},{"taxonomy":"product_tag","embeddable":true,"href":"https:\/\/lobita.com.br\/en\/wp-json\/wp\/v2\/product_tag?post=2005"}],"curies":[{"name":"wp","href":"https:\/\/api.w.org\/{rel}","templated":true}]}}