{"id":1977,"date":"2021-05-01T11:09:39","date_gmt":"2021-05-01T14:09:39","guid":{"rendered":"https:\/\/lobita.com.br\/?post_type=product&#038;p=1977"},"modified":"2023-05-31T12:31:58","modified_gmt":"2023-05-31T15:31:58","slug":"danu-tapecaria-de-parede","status":"publish","type":"product","link":"https:\/\/lobita.com.br\/en\/product\/danu-tapecaria-de-parede\/","title":{"rendered":"Danu | Tape\u00e7aria de Parede"},"content":{"rendered":"<p>Danu \u00e9 uma tape\u00e7aria da cole\u00e7\u00e3o Beltane cheia de texturas para trazer personalidade.<\/p>\n<p>Base de lat\u00e3o, palha da costa, diferentes misturas de algod\u00e3o<\/p>\n<p>Medidas<br \/>\n60cm da comprimento<br \/>\n70cm de altura<\/p>","protected":false},"excerpt":{"rendered":"<p>Danu \u00e9 uma tape\u00e7aria da cole\u00e7\u00e3o Beltane cheia de texturas para trazer personalidade.<\/p>\n<p>Base de lat\u00e3o, palha da costa, diferentes misturas de algod\u00e3o<\/p>\n<p>Medidas<br \/>\n60cm da comprimento<br \/>\n70cm de altura<\/p>","protected":false},"featured_media":1982,"comment_status":"open","ping_status":"closed","template":"","meta":[],"product_brand":[],"product_cat":[150,173,141,70,15],"product_tag":[123,72,144],"class_list":{"0":"post-1977","1":"product","2":"type-product","3":"status-publish","4":"has-post-thumbnail","6":"product_cat-beltane","7":"product_cat-latao","8":"product_cat-novidade","9":"product_cat-paineis","10":"product_cat-sale","11":"product_tag-latao","12":"product_tag-painel","13":"product_tag-textura","14":"","16":"first","17":"instock","18":"sale","19":"shipping-taxable","20":"purchasable","21":"product-type-simple"},"_links":{"self":[{"href":"https:\/\/lobita.com.br\/en\/wp-json\/wp\/v2\/product\/1977","targetHints":{"allow":["GET"]}}],"collection":[{"href":"https:\/\/lobita.com.br\/en\/wp-json\/wp\/v2\/product"}],"about":[{"href":"https:\/\/lobita.com.br\/en\/wp-json\/wp\/v2\/types\/product"}],"replies":[{"embeddable":true,"href":"https:\/\/lobita.com.br\/en\/wp-json\/wp\/v2\/comments?post=1977"}],"wp:featuredmedia":[{"embeddable":true,"href":"https:\/\/lobita.com.br\/en\/wp-json\/wp\/v2\/media\/1982"}],"wp:attachment":[{"href":"https:\/\/lobita.com.br\/en\/wp-json\/wp\/v2\/media?parent=1977"}],"wp:term":[{"taxonomy":"product_brand","embeddable":true,"href":"https:\/\/lobita.com.br\/en\/wp-json\/wp\/v2\/product_brand?post=1977"},{"taxonomy":"product_cat","embeddable":true,"href":"https:\/\/lobita.com.br\/en\/wp-json\/wp\/v2\/product_cat?post=1977"},{"taxonomy":"product_tag","embeddable":true,"href":"https:\/\/lobita.com.br\/en\/wp-json\/wp\/v2\/product_tag?post=1977"}],"curies":[{"name":"wp","href":"https:\/\/api.w.org\/{rel}","templated":true}]}}