{"id":1957,"date":"2021-05-01T11:10:42","date_gmt":"2021-05-01T14:10:42","guid":{"rendered":"https:\/\/lobita.com.br\/?post_type=product&#038;p=1957"},"modified":"2026-02-02T12:49:17","modified_gmt":"2026-02-02T15:49:17","slug":"artio-tapecaria-de-parede","status":"publish","type":"product","link":"https:\/\/lobita.com.br\/en\/product\/artio-tapecaria-de-parede\/","title":{"rendered":"Artio | Tape\u00e7aria de Parede"},"content":{"rendered":"<p><strong>Artio<\/strong> &#8211; da cole\u00e7\u00e3o Beltane &#8211; uma tape\u00e7aria de parede leve e intensa. Texturas, formas e a delicadeza que o aro e o algod\u00e3o podem trazer se misturam nessa pe\u00e7a elegante.<\/p>\n<p>Aro de lat\u00e3o e fios diversos de misturas de algod\u00e3o<\/p>\n<p>Medidas<br \/>\nDi\u00e2metro do aro 40cm<br \/>\nAltura aprox. 1,2m<\/p>\n<p>&nbsp;<\/p>","protected":false},"excerpt":{"rendered":"<p>&nbsp;<\/p>\n<p>&nbsp;<\/p>","protected":false},"featured_media":1960,"comment_status":"open","ping_status":"closed","template":"","meta":[],"product_brand":[],"product_cat":[150,173,15],"product_tag":[203,204,202,123,205],"class_list":{"0":"post-1957","1":"product","2":"type-product","3":"status-publish","4":"has-post-thumbnail","6":"product_cat-beltane","7":"product_cat-latao","8":"product_cat-sale","9":"product_tag-aro","10":"product_tag-decoracao","11":"product_tag-escultura","12":"product_tag-latao","13":"product_tag-parede","14":"","16":"first","17":"instock","18":"sale","19":"shipping-taxable","20":"purchasable","21":"product-type-simple"},"_links":{"self":[{"href":"https:\/\/lobita.com.br\/en\/wp-json\/wp\/v2\/product\/1957","targetHints":{"allow":["GET"]}}],"collection":[{"href":"https:\/\/lobita.com.br\/en\/wp-json\/wp\/v2\/product"}],"about":[{"href":"https:\/\/lobita.com.br\/en\/wp-json\/wp\/v2\/types\/product"}],"replies":[{"embeddable":true,"href":"https:\/\/lobita.com.br\/en\/wp-json\/wp\/v2\/comments?post=1957"}],"wp:featuredmedia":[{"embeddable":true,"href":"https:\/\/lobita.com.br\/en\/wp-json\/wp\/v2\/media\/1960"}],"wp:attachment":[{"href":"https:\/\/lobita.com.br\/en\/wp-json\/wp\/v2\/media?parent=1957"}],"wp:term":[{"taxonomy":"product_brand","embeddable":true,"href":"https:\/\/lobita.com.br\/en\/wp-json\/wp\/v2\/product_brand?post=1957"},{"taxonomy":"product_cat","embeddable":true,"href":"https:\/\/lobita.com.br\/en\/wp-json\/wp\/v2\/product_cat?post=1957"},{"taxonomy":"product_tag","embeddable":true,"href":"https:\/\/lobita.com.br\/en\/wp-json\/wp\/v2\/product_tag?post=1957"}],"curies":[{"name":"wp","href":"https:\/\/api.w.org\/{rel}","templated":true}]}}