{"id":1931,"date":"2021-04-14T12:14:28","date_gmt":"2021-04-14T15:14:28","guid":{"rendered":"https:\/\/lobita.com.br\/?post_type=product&#038;p=1931"},"modified":"2025-09-09T19:40:58","modified_gmt":"2025-09-09T22:40:58","slug":"painel-horizontal-degrade","status":"publish","type":"product","link":"https:\/\/lobita.com.br\/en\/product\/painel-horizontal-degrade\/","title":{"rendered":"Painel horizontal degrad\u00ea"},"content":{"rendered":"<p>Degrad\u00ea feito manualmente no pincel e detalhes na parte superior.<\/p>\n<p>Medidas:<br \/>\nComprimento: 2,30m<br \/>\nAltura: 70cm<\/p>\n<p>Op\u00e7\u00f5es de cores: azul, verde, tons terrosos | Para outras op\u00e7\u00f5es de medida, mande uma mensagem \ud83d\ude42<\/p>\n<p>&nbsp;<\/p>","protected":false},"excerpt":{"rendered":"<p>Degrad\u00ea feito manualmente no pincel e detalhes na parte superior.<\/p>\n<p>Medidas:<br \/>\nComprimento: 2,30m<br \/>\nAltura: 70cm<\/p>\n<p>Op\u00e7\u00f5es de cores: azul, verde, tons terrosos<\/p>","protected":false},"featured_media":1932,"comment_status":"open","ping_status":"closed","template":"","meta":[],"product_brand":[],"product_cat":[70],"product_tag":[139,72,140],"class_list":{"0":"post-1931","1":"product","2":"type-product","3":"status-publish","4":"has-post-thumbnail","6":"product_cat-paineis","7":"product_tag-degrade","8":"product_tag-painel","9":"product_tag-painel-grande","10":"","12":"first","13":"onbackorder","14":"sale","15":"shipping-taxable","16":"purchasable","17":"product-type-simple"},"_links":{"self":[{"href":"https:\/\/lobita.com.br\/en\/wp-json\/wp\/v2\/product\/1931","targetHints":{"allow":["GET"]}}],"collection":[{"href":"https:\/\/lobita.com.br\/en\/wp-json\/wp\/v2\/product"}],"about":[{"href":"https:\/\/lobita.com.br\/en\/wp-json\/wp\/v2\/types\/product"}],"replies":[{"embeddable":true,"href":"https:\/\/lobita.com.br\/en\/wp-json\/wp\/v2\/comments?post=1931"}],"wp:featuredmedia":[{"embeddable":true,"href":"https:\/\/lobita.com.br\/en\/wp-json\/wp\/v2\/media\/1932"}],"wp:attachment":[{"href":"https:\/\/lobita.com.br\/en\/wp-json\/wp\/v2\/media?parent=1931"}],"wp:term":[{"taxonomy":"product_brand","embeddable":true,"href":"https:\/\/lobita.com.br\/en\/wp-json\/wp\/v2\/product_brand?post=1931"},{"taxonomy":"product_cat","embeddable":true,"href":"https:\/\/lobita.com.br\/en\/wp-json\/wp\/v2\/product_cat?post=1931"},{"taxonomy":"product_tag","embeddable":true,"href":"https:\/\/lobita.com.br\/en\/wp-json\/wp\/v2\/product_tag?post=1931"}],"curies":[{"name":"wp","href":"https:\/\/api.w.org\/{rel}","templated":true}]}}