{"id":1760,"date":"2020-08-26T18:11:33","date_gmt":"2020-08-26T21:11:33","guid":{"rendered":"https:\/\/lobita.com.br\/?post_type=product&#038;p=1760"},"modified":"2023-05-31T11:59:37","modified_gmt":"2023-05-31T14:59:37","slug":"painelhorizontalazul","status":"publish","type":"product","link":"https:\/\/lobita.com.br\/en\/product\/painelhorizontalazul\/","title":{"rendered":"Painel Horizontal Azul"},"content":{"rendered":"<p>Inspirado em nosso litoral brasileiro, com ondas, dunas e nosso oceano esmeralda, mas se encaixa perfeitamente em um ambiente urbano trazendo uma sensa\u00e7\u00e3o de conforto e conex\u00e3o com o natural.<\/p>\n<p>Medidas<br \/>\nAltura: 70cm<br \/>\nComprimento: 150cm<\/p>\n<p>Prazo: 15 dias \u00fateis<\/p>","protected":false},"excerpt":{"rendered":"<p>Inspirado em nosso litoral brasileiro, com ondas, dunas e nosso oceano esmeralda, mas se encaixa perfeitamente em um ambiente urbano trazendo uma sensa\u00e7\u00e3o de conforto e conex\u00e3o com o natural.<\/p>\n<p>Medidas<br \/>\nAltura: 70cm<br \/>\nComprimento: 150cm<\/p>","protected":false},"featured_media":1917,"comment_status":"open","ping_status":"closed","template":"","meta":[],"product_brand":[],"product_cat":[70],"product_tag":[72,106],"class_list":{"0":"post-1760","1":"product","2":"type-product","3":"status-publish","4":"has-post-thumbnail","6":"product_cat-paineis","7":"product_tag-painel","8":"product_tag-tingimento","9":"","11":"first","12":"onbackorder","13":"sale","14":"shipping-taxable","15":"purchasable","16":"product-type-simple"},"_links":{"self":[{"href":"https:\/\/lobita.com.br\/en\/wp-json\/wp\/v2\/product\/1760","targetHints":{"allow":["GET"]}}],"collection":[{"href":"https:\/\/lobita.com.br\/en\/wp-json\/wp\/v2\/product"}],"about":[{"href":"https:\/\/lobita.com.br\/en\/wp-json\/wp\/v2\/types\/product"}],"replies":[{"embeddable":true,"href":"https:\/\/lobita.com.br\/en\/wp-json\/wp\/v2\/comments?post=1760"}],"wp:featuredmedia":[{"embeddable":true,"href":"https:\/\/lobita.com.br\/en\/wp-json\/wp\/v2\/media\/1917"}],"wp:attachment":[{"href":"https:\/\/lobita.com.br\/en\/wp-json\/wp\/v2\/media?parent=1760"}],"wp:term":[{"taxonomy":"product_brand","embeddable":true,"href":"https:\/\/lobita.com.br\/en\/wp-json\/wp\/v2\/product_brand?post=1760"},{"taxonomy":"product_cat","embeddable":true,"href":"https:\/\/lobita.com.br\/en\/wp-json\/wp\/v2\/product_cat?post=1760"},{"taxonomy":"product_tag","embeddable":true,"href":"https:\/\/lobita.com.br\/en\/wp-json\/wp\/v2\/product_tag?post=1760"}],"curies":[{"name":"wp","href":"https:\/\/api.w.org\/{rel}","templated":true}]}}