{"id":1661,"date":"2020-07-12T11:52:53","date_gmt":"2020-07-12T14:52:53","guid":{"rendered":"https:\/\/lobita.com.br\/?post_type=product&#038;p=1661"},"modified":"2023-05-31T12:08:53","modified_gmt":"2023-05-31T15:08:53","slug":"painel-horizontal-trancado","status":"publish","type":"product","link":"https:\/\/lobita.com.br\/en\/product\/painel-horizontal-trancado\/","title":{"rendered":"Painel horizontal tran\u00e7ado"},"content":{"rendered":"<p class=\"description multiline\">Painel feito em cord\u00e3o de algod\u00e3o cru tingido artesanalmente. Modelo da foto inspirado na cor do mar, por\u00e9m h\u00e1 outras possiblidades como p\u00f4r do sol, tons terrosos, cinzas&#8230; ao finalizar a compra h\u00e1 uma caixinha de observa\u00e7\u00f5es, l\u00e1 voc\u00ea pode escrever sua op\u00e7\u00e3o de cor. Se preferir, me mande uma mensagem.<\/p>\n<ul class=\"detailed-info\">\n<li>Altura: 70.00 cm<\/li>\n<li>Comprimento: 150.00 cm<\/li>\n<li>Peso: cerca de 3000g<\/li>\n<\/ul>","protected":false},"excerpt":{"rendered":"<p>Painel feito em cord\u00e3o de algod\u00e3o cru tingido artesanalmente (dispon\u00edvel tamb\u00e9m em outras cores, mande mensagem ap\u00f3s a compra com a sua prefer\u00eancia)<\/p>","protected":false},"featured_media":1909,"comment_status":"open","ping_status":"closed","template":"","meta":[],"product_brand":[],"product_cat":[70],"product_tag":[84,71,72,85],"class_list":{"0":"post-1661","1":"product","2":"type-product","3":"status-publish","4":"has-post-thumbnail","6":"product_cat-paineis","7":"product_tag-cabeceira","8":"product_tag-macrame","9":"product_tag-painel","10":"product_tag-sala","11":"","13":"first","14":"onbackorder","15":"sale","16":"shipping-taxable","17":"purchasable","18":"product-type-simple"},"_links":{"self":[{"href":"https:\/\/lobita.com.br\/en\/wp-json\/wp\/v2\/product\/1661","targetHints":{"allow":["GET"]}}],"collection":[{"href":"https:\/\/lobita.com.br\/en\/wp-json\/wp\/v2\/product"}],"about":[{"href":"https:\/\/lobita.com.br\/en\/wp-json\/wp\/v2\/types\/product"}],"replies":[{"embeddable":true,"href":"https:\/\/lobita.com.br\/en\/wp-json\/wp\/v2\/comments?post=1661"}],"wp:featuredmedia":[{"embeddable":true,"href":"https:\/\/lobita.com.br\/en\/wp-json\/wp\/v2\/media\/1909"}],"wp:attachment":[{"href":"https:\/\/lobita.com.br\/en\/wp-json\/wp\/v2\/media?parent=1661"}],"wp:term":[{"taxonomy":"product_brand","embeddable":true,"href":"https:\/\/lobita.com.br\/en\/wp-json\/wp\/v2\/product_brand?post=1661"},{"taxonomy":"product_cat","embeddable":true,"href":"https:\/\/lobita.com.br\/en\/wp-json\/wp\/v2\/product_cat?post=1661"},{"taxonomy":"product_tag","embeddable":true,"href":"https:\/\/lobita.com.br\/en\/wp-json\/wp\/v2\/product_tag?post=1661"}],"curies":[{"name":"wp","href":"https:\/\/api.w.org\/{rel}","templated":true}]}}